{"id":970,"date":"2025-11-02T16:19:46","date_gmt":"2025-11-02T15:19:46","guid":{"rendered":"https:\/\/elkok.dk\/?page_id=970"},"modified":"2025-11-06T15:16:16","modified_gmt":"2025-11-06T14:16:16","slug":"om-draaben","status":"publish","type":"page","link":"https:\/\/elkok.dk\/index.php\/front_page-2\/om-draaben\/","title":{"rendered":"Om dr\u00e5ben.."},"content":{"rendered":"\n\n\n<p>Dr\u00e5ben er et &#8220;One man army&#8221; eventyr hvor Lars Larsen har samlet sine passioner til gl\u00e6de for andre<\/p>\n\n\n\n<p>Siden er under opbygning og der ville blive tilf\u00f8jet mere hele tiden <\/p>\n\n\n\n<p><\/p>\n\n\n\n\n\n\n","protected":false},"excerpt":{"rendered":"<p>Dr\u00e5ben er et &#8220;One man army&#8221; eventyr hvor Lars Larsen har samlet sine passioner til gl\u00e6de for andre Siden er under opbygning og der ville blive tilf\u00f8jet mere hele tiden<\/p>\n","protected":false},"author":1,"featured_media":0,"parent":896,"menu_order":0,"comment_status":"closed","ping_status":"closed","template":"","meta":{"saved_in_kubio":true,"footnotes":""},"class_list":["post-970","page","type-page","status-publish","hentry"],"kubio_ai_page_context":{"short_desc":"","purpose":"general"},"_links":{"self":[{"href":"https:\/\/elkok.dk\/index.php\/wp-json\/wp\/v2\/pages\/970","targetHints":{"allow":["GET"]}}],"collection":[{"href":"https:\/\/elkok.dk\/index.php\/wp-json\/wp\/v2\/pages"}],"about":[{"href":"https:\/\/elkok.dk\/index.php\/wp-json\/wp\/v2\/types\/page"}],"author":[{"embeddable":true,"href":"https:\/\/elkok.dk\/index.php\/wp-json\/wp\/v2\/users\/1"}],"replies":[{"embeddable":true,"href":"https:\/\/elkok.dk\/index.php\/wp-json\/wp\/v2\/comments?post=970"}],"version-history":[{"count":5,"href":"https:\/\/elkok.dk\/index.php\/wp-json\/wp\/v2\/pages\/970\/revisions"}],"predecessor-version":[{"id":1022,"href":"https:\/\/elkok.dk\/index.php\/wp-json\/wp\/v2\/pages\/970\/revisions\/1022"}],"up":[{"embeddable":true,"href":"https:\/\/elkok.dk\/index.php\/wp-json\/wp\/v2\/pages\/896"}],"wp:attachment":[{"href":"https:\/\/elkok.dk\/index.php\/wp-json\/wp\/v2\/media?parent=970"}],"curies":[{"name":"wp","href":"https:\/\/api.w.org\/{rel}","templated":true}]}}