{"id":765,"date":"2025-10-30T17:46:43","date_gmt":"2025-10-30T16:46:43","guid":{"rendered":"https:\/\/elkok.dk\/?page_id=765"},"modified":"2026-04-28T17:55:53","modified_gmt":"2026-04-28T15:55:53","slug":"food-on-fire","status":"publish","type":"page","link":"https:\/\/elkok.dk\/index.php\/front_page-2\/food-on-fire\/","title":{"rendered":"Food on fire"},"content":{"rendered":"\n\n\n<p>Lad os kalde det, hvad det er. Mad p\u00e5 b\u00e5l og \u00e5ben ild.<\/p>\n\n\n\n<p> N\u00e5r det s\u00e5 er sagt, s\u00e5 er der mange m\u00e5der at lave mad p\u00e5 n\u00e5r der er ild til stede. B\u00e5l er nok den mest kende, ligesom camping komfuret Trangia og alt det derimellem, ikke at forglemme mad direkte i gl\u00f8der, r\u00f8g, damp og brug af jordovn.<\/p>\n\n\n\n<p><br>&#8220;F\u00f8rste gang jeg st\u00f8tte p\u00e5 mad lavet p\u00e5 b\u00e5l og hvor det gjorde en forskel,  er helt tilbage til en spejder tur i Sverige i 80&#8217;erne hvor der blev lavet ristet\/stegte l\u00f8g til den ellers kedelige spejep\u00f8lse mad. Simpelt men alligevel startskuddet p\u00e5 min gastronomiske rejse&#8221;<\/p>\n\n\n\n<p><br>&#8220;P\u00e5 en anden spejderlejren i Tokkerbo p\u00e5 djursland i en alder af 10-12 \u00e5r, var lyste til pandekager s\u00e5 stor af blommer\/mirabellere blev til marmelade til stor tilfredshed for alle, de l\u00e6kkersultne. Uden den klassiske frace. &#8220;Det tror jeg da ikke at du kan lave Lars&#8221;<\/p>\n\n\n\n<p><br>&#8220;En anden og mere markant episode er ligeledes ogs\u00e5 et spejder minde hvor fl\u00e6skestegen til et jule arrangement blev lavet i en br\u00e6nde fyret ovn&#8221;  &#8220;Det resulterede i den bedste sovs med r\u00f8g, jeg nogensinde har smagt&#8221; siger Lars Larsen&#8221;<\/p>\n\n\n\n<p>Mad har altid haft en stor plads i Lars Larsens hjerte, s\u00e5 det er m\u00e5ske eller ikke m\u00e6rkeligt at det uden tvivl er hjertet i Dr\u00e5ben.<br>Lysten til at formidle og videregive en oplevelse blandet med k\u00e6rlighed til  blandt andet mad er uden tvivl startsskudet til dr\u00e5ben<\/p>\n\n\n\n<p>Dr\u00e5ben tilbyder alt fra facilitering af Team building, &#8220;Herre turen&#8221; i skov eller strand eller anden event hvor mad i det fri, over b\u00e5l eller \u00e5ben ild \u00f8nskes og hvor mad og oplevelsen er i centrum.<\/p>\n\n\n\n<p>Kontakt Draaben2025@gmail.com for mere info og tilbud.<\/p>\n","protected":false},"excerpt":{"rendered":"<p>Lad os kalde det, hvad det er. Mad p\u00e5 b\u00e5l og \u00e5ben ild. N\u00e5r det s\u00e5 er sagt, s\u00e5 er der mange m\u00e5der at lave mad p\u00e5 n\u00e5r der er ild til stede. B\u00e5l er nok den mest kende, ligesom camping komfuret Trangia og alt det derimellem, ikke at forglemme mad direkte i gl\u00f8der, r\u00f8g, [&hellip;]<\/p>\n","protected":false},"author":1,"featured_media":0,"parent":896,"menu_order":0,"comment_status":"closed","ping_status":"closed","template":"","meta":{"saved_in_kubio":true,"footnotes":""},"class_list":["post-765","page","type-page","status-publish","hentry"],"kubio_ai_page_context":{"short_desc":"","purpose":"general"},"_links":{"self":[{"href":"https:\/\/elkok.dk\/index.php\/wp-json\/wp\/v2\/pages\/765","targetHints":{"allow":["GET"]}}],"collection":[{"href":"https:\/\/elkok.dk\/index.php\/wp-json\/wp\/v2\/pages"}],"about":[{"href":"https:\/\/elkok.dk\/index.php\/wp-json\/wp\/v2\/types\/page"}],"author":[{"embeddable":true,"href":"https:\/\/elkok.dk\/index.php\/wp-json\/wp\/v2\/users\/1"}],"replies":[{"embeddable":true,"href":"https:\/\/elkok.dk\/index.php\/wp-json\/wp\/v2\/comments?post=765"}],"version-history":[{"count":5,"href":"https:\/\/elkok.dk\/index.php\/wp-json\/wp\/v2\/pages\/765\/revisions"}],"predecessor-version":[{"id":1040,"href":"https:\/\/elkok.dk\/index.php\/wp-json\/wp\/v2\/pages\/765\/revisions\/1040"}],"up":[{"embeddable":true,"href":"https:\/\/elkok.dk\/index.php\/wp-json\/wp\/v2\/pages\/896"}],"wp:attachment":[{"href":"https:\/\/elkok.dk\/index.php\/wp-json\/wp\/v2\/media?parent=765"}],"curies":[{"name":"wp","href":"https:\/\/api.w.org\/{rel}","templated":true}]}}