{"id":67,"date":"2024-04-04T21:22:09","date_gmt":"2024-04-04T19:22:09","guid":{"rendered":"https:\/\/draaben.elkok.dk\/?page_id=67"},"modified":"2025-11-02T19:18:02","modified_gmt":"2025-11-02T18:18:02","slug":"paris","status":"publish","type":"page","link":"https:\/\/elkok.dk\/index.php\/front_page-2\/om-draaben\/paris\/","title":{"rendered":"Turen til Paris 2024"},"content":{"rendered":"\n\n\n<figure class=\"wp-block-pullquote\"><blockquote><p>&#8220;At sige at der er lang vej, er ikke en l\u00f8gn, det er derimod heller ikke sandheden, det er relativt&#8221;&#8230;<br>Lars Larsen<\/p><\/blockquote><\/figure>\n\n\n\n<p>S\u00e5 er der serveret, \u00e9t stk tur One way Holmstrup-Paris p\u00e5 g\u00e5ben<\/p>\n\n\n\n<p>Startede 10 August 2024 og varede 7 uger <\/p>\n\n\n\n<p>N\u00f8gletal<\/p>\n\n\n\n<ul class=\"wp-block-list\">\n<li>ca 1300-1400 km<\/li>\n\n\n\n<li>7 uger<\/li>\n\n\n\n<li>Turen g\u00e5r igennem Danmark-Tyskland-Luxembourg-Belgien &amp; Frankrig<\/li>\n\n\n\n<li class=\"has-kubio-color-6-color has-text-color has-link-color wp-elements-fb035caf1d63b5bcff8d9f6ffbe2a6a7\">Bes\u00f8ge Trappist kloster med 3 overnatninger i<mark style=\"background-color:rgba(0, 0, 0, 0)\" class=\"has-inline-color has-kubio-color-6-color\">ncl bes\u00f8g p\u00e5 bryggeri og ostemageri s<\/mark>om laver en variation af Port salut ( min ynglings ost) JA jeg har en ynglings ost \ud83d\ude42<\/li>\n\n\n\n<li>70-80% af overnatninger foreg\u00e5 i det fri og kan\/skal ikke planl\u00e6gges<\/li>\n\n\n\n<li>80-90% af alle m\u00e5ltider laves selv (selvf\u00f8lgelig) og ikke fryset\u00f8rret mad<\/li>\n<\/ul>\n\n\n\n<figure class=\"wp-block-image size-large\"><img loading=\"lazy\" decoding=\"async\" width=\"1024\" height=\"818\" src=\"https:\/\/draaben.elkok.dk\/wp-content\/uploads\/2024\/04\/Skaermbillede-maps-turen-1024x818.png\" alt=\"\" class=\"wp-image-120\" srcset=\"https:\/\/elkok.dk\/wp-content\/uploads\/2024\/04\/Skaermbillede-maps-turen-1024x818.png 1024w, https:\/\/elkok.dk\/wp-content\/uploads\/2024\/04\/Skaermbillede-maps-turen-300x240.png 300w, https:\/\/elkok.dk\/wp-content\/uploads\/2024\/04\/Skaermbillede-maps-turen-768x613.png 768w, https:\/\/elkok.dk\/wp-content\/uploads\/2024\/04\/Skaermbillede-maps-turen.png 1087w\" sizes=\"(max-width: 1024px) 100vw, 1024px\" \/><\/figure>\n\n\n\n\n<ul class=\"wp-block-latest-posts__list wp-block-latest-posts style--widget-box style-local--widget-box wp-block-kubio-core-latest-posts__widget-box\"><li><a class=\"wp-block-latest-posts__post-title\" href=\"https:\/\/elkok.dk\/index.php\/2024\/10\/15\/hjemme-igen-og-fuldt-af-reflektioner\/\">Hjemme igen og fuldt af reflektioner<\/a><\/li>\n<li><a class=\"wp-block-latest-posts__post-title\" href=\"https:\/\/elkok.dk\/index.php\/2024\/09\/30\/paris-i-nye-klaeder\/\">Paris i nye kl\u00e6der<\/a><\/li>\n<li><a class=\"wp-block-latest-posts__post-title\" href=\"https:\/\/elkok.dk\/index.php\/2024\/09\/24\/viva-la-france-no-deux\/\">Viva la France no. Deux<\/a><\/li>\n<li><a class=\"wp-block-latest-posts__post-title\" href=\"https:\/\/elkok.dk\/index.php\/2024\/09\/22\/viva-la-france-no-un\/\">Viva la France no. Un<\/a><\/li>\n<li><a class=\"wp-block-latest-posts__post-title\" href=\"https:\/\/elkok.dk\/index.php\/2024\/09\/20\/jeg-er-gaaet-i-kloster\/\">Jeg er g\u00e5et i kloster<\/a><\/li>\n<\/ul>","protected":false},"excerpt":{"rendered":"<p>&#8220;At sige at der er lang vej, er ikke en l\u00f8gn, det er derimod heller ikke sandheden, det er relativt&#8221;&#8230;Lars Larsen S\u00e5 er der serveret, \u00e9t stk tur One way Holmstrup-Paris p\u00e5 g\u00e5ben Startede 10 August 2024 og varede 7 uger N\u00f8gletal<\/p>\n","protected":false},"author":1,"featured_media":131,"parent":970,"menu_order":0,"comment_status":"closed","ping_status":"closed","template":"","meta":{"saved_in_kubio":true,"footnotes":""},"class_list":["post-67","page","type-page","status-publish","has-post-thumbnail","hentry"],"kubio_ai_page_context":{"short_desc":"","purpose":"general"},"_links":{"self":[{"href":"https:\/\/elkok.dk\/index.php\/wp-json\/wp\/v2\/pages\/67","targetHints":{"allow":["GET"]}}],"collection":[{"href":"https:\/\/elkok.dk\/index.php\/wp-json\/wp\/v2\/pages"}],"about":[{"href":"https:\/\/elkok.dk\/index.php\/wp-json\/wp\/v2\/types\/page"}],"author":[{"embeddable":true,"href":"https:\/\/elkok.dk\/index.php\/wp-json\/wp\/v2\/users\/1"}],"replies":[{"embeddable":true,"href":"https:\/\/elkok.dk\/index.php\/wp-json\/wp\/v2\/comments?post=67"}],"version-history":[{"count":18,"href":"https:\/\/elkok.dk\/index.php\/wp-json\/wp\/v2\/pages\/67\/revisions"}],"predecessor-version":[{"id":1025,"href":"https:\/\/elkok.dk\/index.php\/wp-json\/wp\/v2\/pages\/67\/revisions\/1025"}],"up":[{"embeddable":true,"href":"https:\/\/elkok.dk\/index.php\/wp-json\/wp\/v2\/pages\/970"}],"wp:featuredmedia":[{"embeddable":true,"href":"https:\/\/elkok.dk\/index.php\/wp-json\/wp\/v2\/media\/131"}],"wp:attachment":[{"href":"https:\/\/elkok.dk\/index.php\/wp-json\/wp\/v2\/media?parent=67"}],"curies":[{"name":"wp","href":"https:\/\/api.w.org\/{rel}","templated":true}]}}