{"id":185,"date":"2024-04-24T19:37:01","date_gmt":"2024-04-24T17:37:01","guid":{"rendered":"https:\/\/elkok.dk\/?page_id=185"},"modified":"2024-08-21T18:46:46","modified_gmt":"2024-08-21T16:46:46","slug":"blog-indlaeg","status":"publish","type":"page","link":"https:\/\/elkok.dk\/index.php\/blog-indlaeg\/","title":{"rendered":"Blog indl\u00e6g"},"content":{"rendered":"\n<div class=\"wp-block-query is-layout-flow wp-block-query-is-layout-flow\"><ul class=\"wp-block-post-template is-layout-flow wp-block-post-template-is-layout-flow\"><li class=\"wp-block-post post-734 post type-post status-publish format-standard hentry category-ikke-kategoriseret\">\n<h2 class=\"wp-block-post-title\"><a href=\"https:\/\/elkok.dk\/index.php\/2024\/10\/15\/hjemme-igen-og-fuldt-af-reflektioner\/\" target=\"_self\" >Hjemme igen og fuldt af reflektioner<\/a><\/h2>\n\n\n\n<div class=\"wp-block-post-excerpt\"><p class=\"wp-block-post-excerpt__excerpt\">Refleksion er nu en lidt sjov st\u00f8rrelse, for hvordan reflekterer man over 7 ugers sp\u00e6ndende vandring fyldt med utrolige oplevelser, fantastiske mennesker og l\u00e6rerige situationer. Hverdagens charme og gensynsgl\u00e6den til familie og arbejde har helt klart haft en stor betydning for de f\u00f8rste 14 dage efter hjemkomst fra en begivenhedsrig tur. Jeg m\u00e5 jo bare&hellip; <\/p><\/div>\n\n\n<hr class=\"wp-block-separator has-css-opacity\"\/>\n\n\n<div class=\"wp-block-post-date\"><time datetime=\"2024-10-15T21:07:11+02:00\">15\/10\/2024<\/time><\/div>\n<\/li><li class=\"wp-block-post post-705 post type-post status-publish format-standard hentry category-ikke-kategoriseret\">\n<h2 class=\"wp-block-post-title\"><a href=\"https:\/\/elkok.dk\/index.php\/2024\/09\/30\/paris-i-nye-klaeder\/\" target=\"_self\" >Paris i nye kl\u00e6der<\/a><\/h2>\n\n\n\n<div class=\"wp-block-post-excerpt\"><p class=\"wp-block-post-excerpt__excerpt\">22 september&nbsp; Dagen i dag er helt s\u00e6rlig for mig, og har de sidste 8 \u00e5r haft en endnu st\u00f8rre betydning, det var nemlig min mors f\u00f8dselsdag, hvilket jeg har brugt p\u00e5 at \u00e6re og sendt en ekstra tanke til dem jeg havde k\u00e6r. At v\u00e5gne lige her p\u00e5 dette sted, omgivet af sk\u00f8nhed af&hellip; <\/p><\/div>\n\n\n<hr class=\"wp-block-separator has-css-opacity\"\/>\n\n\n<div class=\"wp-block-post-date\"><time datetime=\"2024-09-30T20:24:52+02:00\">30\/09\/2024<\/time><\/div>\n<\/li><li class=\"wp-block-post post-685 post type-post status-publish format-standard hentry category-ikke-kategoriseret\">\n<h2 class=\"wp-block-post-title\"><a href=\"https:\/\/elkok.dk\/index.php\/2024\/09\/24\/viva-la-france-no-deux\/\" target=\"_self\" >Viva la France no. Deux<\/a><\/h2>\n\n\n\n<div class=\"wp-block-post-excerpt\"><p class=\"wp-block-post-excerpt__excerpt\">19 september&nbsp; Ayoub, er far til to sm\u00e5, p\u00e5 to og fire \u00e5r og er en h\u00e5rdtarbejdende stilladsarbejder. Alligevel havde han overskud og mod til at samle en vandringsmand op. Sikke et held for mig, for vi havde en fantastisk dialog og vendte alt fra religion, b\u00f8rn (livets mirakler), k\u00e6rlighed og filosofi, (selvf\u00f8lgelig ogs\u00e5 mad).&hellip; <\/p><\/div>\n\n\n<hr class=\"wp-block-separator has-css-opacity\"\/>\n\n\n<div class=\"wp-block-post-date\"><time datetime=\"2024-09-24T20:40:27+02:00\">24\/09\/2024<\/time><\/div>\n<\/li><li class=\"wp-block-post post-672 post type-post status-publish format-standard hentry category-ikke-kategoriseret\">\n<h2 class=\"wp-block-post-title\"><a href=\"https:\/\/elkok.dk\/index.php\/2024\/09\/22\/viva-la-france-no-un\/\" target=\"_self\" >Viva la France no. Un<\/a><\/h2>\n\n\n\n<div class=\"wp-block-post-excerpt\"><p class=\"wp-block-post-excerpt__excerpt\">16 september&nbsp; Op kl 4:45 for at deltage i natteb\u00f8n, s\u00e5 havde jeg oplevet alle 5 dags b\u00f8nner og messer i l\u00f8bet af de 3 dage. Det i sig selv var en stor oplevelse.&nbsp; V\u00e6relset skulle efterlades i samme tilstand som jeg modtog det i, alts\u00e5 p\u00e6nt og rent, hvilket blev klaret efter morgenmaden og&hellip; <\/p><\/div>\n\n\n<hr class=\"wp-block-separator has-css-opacity\"\/>\n\n\n<div class=\"wp-block-post-date\"><time datetime=\"2024-09-22T22:27:06+02:00\">22\/09\/2024<\/time><\/div>\n<\/li><li class=\"wp-block-post post-654 post type-post status-publish format-standard hentry category-ikke-kategoriseret\">\n<h2 class=\"wp-block-post-title\"><a href=\"https:\/\/elkok.dk\/index.php\/2024\/09\/20\/jeg-er-gaaet-i-kloster\/\" target=\"_self\" >Jeg er g\u00e5et i kloster<\/a><\/h2>\n\n\n\n<div class=\"wp-block-post-excerpt\"><p class=\"wp-block-post-excerpt__excerpt\">13 september&nbsp; Efter den hidtil koldeste nat p\u00e5 9 grader, hvilket ogs\u00e5 er f\u00f8rste gang jeg har m\u00e5tte lyne min sovepose sammen. Indtil nu har den kun v\u00e6ret brugt som dyne. S\u00e5 var jeg klar, klar til at \u201cg\u00e5 i kloster.\u201d&nbsp; Jeg fik lynet de lange bukser p\u00e5, (mine bukser kan blive til shorts, ved&hellip; <\/p><\/div>\n\n\n<hr class=\"wp-block-separator has-css-opacity\"\/>\n\n\n<div class=\"wp-block-post-date\"><time datetime=\"2024-09-20T10:43:38+02:00\">20\/09\/2024<\/time><\/div>\n<\/li><li class=\"wp-block-post post-649 post type-post status-publish format-standard hentry category-ikke-kategoriseret\">\n<h2 class=\"wp-block-post-title\"><a href=\"https:\/\/elkok.dk\/index.php\/2024\/09\/18\/at-vaere-boern-til-en-far-der-gaar-til-paris\/\" target=\"_self\" >At v\u00e6re b\u00f8rn til en far der g\u00e5r til paris<\/a><\/h2>\n\n\n\n<div class=\"wp-block-post-excerpt\"><p class=\"wp-block-post-excerpt__excerpt\">Som b\u00f8rn til selveste Lars Larsen, s\u00e5 er vi selvf\u00f8lgelig mega stolte.&nbsp; Det at v\u00e6re stolt af en anden, er i bund og grund nemt at sige. Men hvordan viser man egentlig, hvor stolt man er?&nbsp; Tror ikke vores far er i tvivl om hvor stolte vi er af ham, og af at v\u00e6re hans&hellip; <\/p><\/div>\n\n\n<hr class=\"wp-block-separator has-css-opacity\"\/>\n\n\n<div class=\"wp-block-post-date\"><time datetime=\"2024-09-18T11:09:02+02:00\">18\/09\/2024<\/time><\/div>\n<\/li><li class=\"wp-block-post post-632 post type-post status-publish format-standard hentry category-ikke-kategoriseret\">\n<h2 class=\"wp-block-post-title\"><a href=\"https:\/\/elkok.dk\/index.php\/2024\/09\/16\/luxembourg-det-bedste-fra-new-york-og-paris\/\" target=\"_self\" >Luxembourg &#8211; Det bedste fra New York og Paris<\/a><\/h2>\n\n\n\n<div class=\"wp-block-post-excerpt\"><p class=\"wp-block-post-excerpt__excerpt\">10 september fortsat\u00a018 km er normalt i forbindelse med turen her, ikke ret meget, det \u00e6ndrer nu ikke p\u00e5 at jeg var godt brugt da jeg n\u00e5ede frem. B\u00e5de fysisk og mentalt, for der er meget der skulle bearbejdes, ikke mindst det eventyrlige smukke landskab som jeg havde sat h\u00f8je forventninger til, alle uden undtagelse&hellip; <\/p><\/div>\n\n\n<hr class=\"wp-block-separator has-css-opacity\"\/>\n\n\n<div class=\"wp-block-post-date\"><time datetime=\"2024-09-16T08:13:51+02:00\">16\/09\/2024<\/time><\/div>\n<\/li><li class=\"wp-block-post post-610 post type-post status-publish format-standard hentry category-ikke-kategoriseret\">\n<h2 class=\"wp-block-post-title\"><a href=\"https:\/\/elkok.dk\/index.php\/2024\/09\/13\/hvor-gaar-graensen\/\" target=\"_self\" >Hvor g\u00e5r gr\u00e6nsen?<\/a><\/h2>\n\n\n\n<div class=\"wp-block-post-excerpt\"><p class=\"wp-block-post-excerpt__excerpt\">8 september&nbsp;Natten og morgen havde budt p\u00e5 meget regn, s\u00e5 min plan om at lave vandrisengr\u00f8d med \u00e6ble og traneb\u00e6r til morgen blegnede lidt p\u00e5 trods af at der uden tvivl var vand nok, det m\u00e5tte blive en anden dag.&nbsp; Jeg havde f\u00e5et et fint lille sted at parkere mit telt hvor der hverken var&hellip; <\/p><\/div>\n\n\n<hr class=\"wp-block-separator has-css-opacity\"\/>\n\n\n<div class=\"wp-block-post-date\"><time datetime=\"2024-09-13T07:41:13+02:00\">13\/09\/2024<\/time><\/div>\n<\/li><li class=\"wp-block-post post-598 post type-post status-publish format-standard hentry category-ikke-kategoriseret\">\n<h2 class=\"wp-block-post-title\"><a href=\"https:\/\/elkok.dk\/index.php\/2024\/09\/11\/langt-men-godt\/\" target=\"_self\" >Langt men godt<\/a><\/h2>\n\n\n\n<div class=\"wp-block-post-excerpt\"><p class=\"wp-block-post-excerpt__excerpt\">Langt men godt\u201d Det er efterh\u00e5nden blevet overskriften den seneste tid, hvad ang\u00e5r mine indl\u00e6gs l\u00e6ngder. Det er sv\u00e6rt at g\u00f8re det meget kortere, p\u00e5 den anden side skal det jo heller ikke v\u00e6re en roman &#8220;hver gang.&#8221;\ud83d\ude03 Er derimod super glad for at min k\u00e6re datter tager det med et smil, og siger \u201cdet&hellip; <\/p><\/div>\n\n\n<hr class=\"wp-block-separator has-css-opacity\"\/>\n\n\n<div class=\"wp-block-post-date\"><time datetime=\"2024-09-11T12:13:52+02:00\">11\/09\/2024<\/time><\/div>\n<\/li><li class=\"wp-block-post post-580 post type-post status-publish format-standard hentry category-ikke-kategoriseret\">\n<h2 class=\"wp-block-post-title\"><a href=\"https:\/\/elkok.dk\/index.php\/2024\/09\/07\/halvvejs-og-2-ud-af-5-lande\/\" target=\"_self\" >Halvvejs og 2 ud af 5 lande<\/a><\/h2>\n\n\n\n<div class=\"wp-block-post-excerpt\"><p class=\"wp-block-post-excerpt__excerpt\">2 septemberJeg ville tage turen mod Dortmund og finde et sted at campere, m\u00e5ske ved halvvejen omkring Werne. De f\u00f8rste 18 km frem til frokost gik forbavsende godt. (Frokosten blev en omgang morgenmad (m\u00fcsli med risdrik) i vejkanten, eftersom jeg snuppede en bolle med ost og en lille juice hos en bager p\u00e5 vej ud&hellip; <\/p><\/div>\n\n\n<hr class=\"wp-block-separator has-css-opacity\"\/>\n\n\n<div class=\"wp-block-post-date\"><time datetime=\"2024-09-07T10:37:58+02:00\">07\/09\/2024<\/time><\/div>\n<\/li><li class=\"wp-block-post post-568 post type-post status-publish format-standard hentry category-ikke-kategoriseret\">\n<h2 class=\"wp-block-post-title\"><a href=\"https:\/\/elkok.dk\/index.php\/2024\/09\/03\/paradoks-hver-ting-tager-sin-tid\/\" target=\"_self\" >Paradoks &#8211; hver ting tager sin tid<\/a><\/h2>\n\n\n\n<div class=\"wp-block-post-excerpt\"><p class=\"wp-block-post-excerpt__excerpt\">29 august\u00a0Min morgen startede godt, med en kop god friskbrygget kaffe hos min nabo, efterfulgt af en til, p\u00e5 stranden for en dukkert.\u2615\ufe0f \u00c8n ting jeg har gl\u00e6det mig til at dele, og som faktisk er blevet lidt hyppigt, er m\u00f8det med en stork her p\u00e5 turen. F\u00f8rste gang jeg s\u00e5 dem, var igennem ruden&hellip; <\/p><\/div>\n\n\n<hr class=\"wp-block-separator has-css-opacity\"\/>\n\n\n<div class=\"wp-block-post-date\"><time datetime=\"2024-09-03T19:56:54+02:00\">03\/09\/2024<\/time><\/div>\n<\/li><li class=\"wp-block-post post-544 post type-post status-publish format-standard hentry category-ikke-kategoriseret\">\n<h2 class=\"wp-block-post-title\"><a href=\"https:\/\/elkok.dk\/index.php\/2024\/08\/30\/beauty-i-alle-former\/\" target=\"_self\" >BEAUTY i alle former<\/a><\/h2>\n\n\n\n<div class=\"wp-block-post-excerpt\"><p class=\"wp-block-post-excerpt__excerpt\">25 augustDet var ellers en af de oplevelser som jeg sent vil glemme, wildcamp i en kunstpark. Teltet blev opsat med pandelygte \u201cr\u00f8dt lys\u201d stealth you know, samtidig testede jeg ogs\u00e5 lige en ide, med at lade en snor l\u00f8be igennem pl\u00f8kkens \u00f8jne, s\u00e5ledes at det var nemt at samle ind og samtidig ikke miste&hellip; <\/p><\/div>\n\n\n<hr class=\"wp-block-separator has-css-opacity\"\/>\n\n\n<div class=\"wp-block-post-date\"><time datetime=\"2024-08-30T11:31:47+02:00\">30\/08\/2024<\/time><\/div>\n<\/li><li class=\"wp-block-post post-529 post type-post status-publish format-standard hentry category-ikke-kategoriseret\">\n<h2 class=\"wp-block-post-title\"><a href=\"https:\/\/elkok.dk\/index.php\/2024\/08\/26\/del-2-farlige-dyr-og-skoenne-mennesker\/\" target=\"_self\" >Del 2. Farlige dyr og sk\u00f8nne mennesker<\/a><\/h2>\n\n\n\n<div class=\"wp-block-post-excerpt\"><p class=\"wp-block-post-excerpt__excerpt\">23 august Dagen startede som eventyret, &#8220;Prinsessen p\u00e5 \u00e6rten\u201d eller m\u00e5ske nok det modsatte, for det var uden tvivl den hidtil bedste nat, s\u00e5 benene var klar til at arbejde. Dagens march gik igen sydp\u00e5, og i retningen Bremenvorten. Jeg ved ikke lige hvad der var i luften, men min hjerne lavede kr\u00f8llede tanker, og&hellip; <\/p><\/div>\n\n\n<hr class=\"wp-block-separator has-css-opacity\"\/>\n\n\n<div class=\"wp-block-post-date\"><time datetime=\"2024-08-26T15:40:37+02:00\">26\/08\/2024<\/time><\/div>\n<\/li><li class=\"wp-block-post post-508 post type-post status-publish format-standard hentry category-ikke-kategoriseret\">\n<h2 class=\"wp-block-post-title\"><a href=\"https:\/\/elkok.dk\/index.php\/2024\/08\/25\/del-1-farlige-dyr-og-skoenne-mennesker\/\" target=\"_self\" >Del 1. Farlige dyr og sk\u00f8nne mennesker<\/a><\/h2>\n\n\n\n<div class=\"wp-block-post-excerpt\"><p class=\"wp-block-post-excerpt__excerpt\">21 august Det var helt klart den rigtige beslutning at have en overliggerdag p\u00e5 campingpladsen. Det regnede hele aften og bl\u00e6ste en del, s\u00e5 hvis det ikke var larmen fra regn og bl\u00e6st, s\u00e5 var det kn\u00e6et, den var helt galt med. Lidt over 2 om natten, overgav jeg mig og snuppede et par N\u00f8d&hellip; <\/p><\/div>\n\n\n<hr class=\"wp-block-separator has-css-opacity\"\/>\n\n\n<div class=\"wp-block-post-date\"><time datetime=\"2024-08-25T15:30:37+02:00\">25\/08\/2024<\/time><\/div>\n<\/li><li class=\"wp-block-post post-490 post type-post status-publish format-standard hentry category-ikke-kategoriseret\">\n<h2 class=\"wp-block-post-title\"><a href=\"https:\/\/elkok.dk\/index.php\/2024\/08\/22\/til-lands-til-vands-og-i-luften\/\" target=\"_self\" >Til lands til vands og i luften<\/a><\/h2>\n\n\n\n<div class=\"wp-block-post-excerpt\"><p class=\"wp-block-post-excerpt__excerpt\">18 august&nbsp; Efter en overraskende god morgenmad til prisen, som var incl. i v\u00e6relset p\u00e5 dette budget hotel (billigere end det i Flensborg og incl. en god morgenmad, samt at v\u00e6relset i sig selv var p\u00e6nere, i bedre stand og havde ikke et \u201cplastik look\u201d som det i Flensborg havde).&nbsp; Der skal faktisk ikke s\u00e5&hellip; <\/p><\/div>\n\n\n<hr class=\"wp-block-separator has-css-opacity\"\/>\n\n\n<div class=\"wp-block-post-date\"><time datetime=\"2024-08-22T05:13:04+02:00\">22\/08\/2024<\/time><\/div>\n<\/li><li class=\"wp-block-post post-321 post type-post status-publish format-standard hentry category-ikke-kategoriseret tag-ikigai tag-livets-mening tag-taknemmelighed tag-thebighike2024\">\n<h2 class=\"wp-block-post-title\"><a href=\"https:\/\/elkok.dk\/index.php\/2024\/08\/19\/ikigai-livets-mening\/\" target=\"_self\" >Ikigai &#8211; Livets mening<\/a><\/h2>\n\n\n\n<div class=\"wp-block-post-excerpt\"><p class=\"wp-block-post-excerpt__excerpt\">Hvem er Ikigai? Eller smager det godt? Ja, hvorfor blande Ikigai ind i en vandretur til Paris? Lad os tage et skridt tilbage til 2018, hvor jeg pludselig blev overv\u00e6ldet af tanker, f\u00f8lelser og en indsigt, der skulle forme min fremtid. Nogle gange forelsker man sig ikke kun i andre mennesker eller oplevelser, men ogs\u00e5&hellip; <\/p><\/div>\n\n\n<hr class=\"wp-block-separator has-css-opacity\"\/>\n\n\n<div class=\"wp-block-post-date\"><time datetime=\"2024-08-19T20:14:43+02:00\">19\/08\/2024<\/time><\/div>\n<\/li><li class=\"wp-block-post post-384 post type-post status-publish format-standard hentry category-ikke-kategoriseret\">\n<h2 class=\"wp-block-post-title\"><a href=\"https:\/\/elkok.dk\/index.php\/2024\/08\/18\/et-skridt-frem-og-to-mere\/\" target=\"_self\" >\u00c8t skridt frem og to&#8230; mere<\/a><\/h2>\n\n\n\n<div class=\"wp-block-post-excerpt\"><p class=\"wp-block-post-excerpt__excerpt\">14 August&nbsp; Efter en meget sp\u00e6ndende nat fyldt med naturens eget fyrv\u00e6rkeri og godt med regn, skulle der ikke meget &#8220;overtalelse&#8221; til at tage en overligger dag som L\u00e6rkelunden Camping. Eftersom natten ogs\u00e5 i den grad b\u00f8d p\u00e5 b\u00f8rnehosten og snorken, var energi og s\u00f8vn niveauet lidt i bund. Det gode ved at v\u00e5gne tidligt&hellip; <\/p><\/div>\n\n\n<hr class=\"wp-block-separator has-css-opacity\"\/>\n\n\n<div class=\"wp-block-post-date\"><time datetime=\"2024-08-18T11:34:33+02:00\">18\/08\/2024<\/time><\/div>\n<\/li><li class=\"wp-block-post post-363 post type-post status-publish format-standard hentry category-ikke-kategoriseret\">\n<h2 class=\"wp-block-post-title\"><a href=\"https:\/\/elkok.dk\/index.php\/2024\/08\/15\/hvor-heldig-kan-man-vaere\/\" target=\"_self\" >Hvor heldig kan man v\u00e6re?<\/a><\/h2>\n\n\n\n<div class=\"wp-block-post-excerpt\"><p class=\"wp-block-post-excerpt__excerpt\">Som barn blev jeg ofte kaldt en tumling af min mor. Ikke p\u00e5 grund af min st\u00f8rrelse eller intelligens (som jeg ellers troede), men fordi jeg havde en bem\u00e6rkelsesv\u00e6rdig evne til at rejse mig op igen, uanset hvilke udfordringer jeg stod overfor. Denne evne til at rejse sig, b\u00e5de bogstaveligt og mentalt, er noget, jeg&hellip; <\/p><\/div>\n\n\n<hr class=\"wp-block-separator has-css-opacity\"\/>\n\n\n<div class=\"wp-block-post-date\"><time datetime=\"2024-08-15T23:32:56+02:00\">15\/08\/2024<\/time><\/div>\n<\/li><li class=\"wp-block-post post-341 post type-post status-publish format-standard hentry category-ikke-kategoriseret\">\n<h2 class=\"wp-block-post-title\"><a href=\"https:\/\/elkok.dk\/index.php\/2024\/08\/12\/saa-er-jeg-i-gang-et-skridt-ad-gangen\/\" target=\"_self\" >S\u00e5 er jeg i gang &#8211; Et skridt ad gangen<\/a><\/h2>\n\n\n\n<div class=\"wp-block-post-excerpt\"><p class=\"wp-block-post-excerpt__excerpt\">Den 10. august kl. 09:01 sagde jeg p\u00e6nt farvel til mit lille hus og satte kursen mod syd. Det var f\u00f8rst d\u00e9r, det virkelig gik op for mig: Jeg er p\u00e5 vej til Paris. Til fods. Helt \u00e6rligt, hvorfor har ingen fortalt mig, hvor vanvittigt det lyder? \ud83d\ude0a&#8221; De f\u00f8rste 10-12 km frem til frokost&hellip; <\/p><\/div>\n\n\n<hr class=\"wp-block-separator has-css-opacity\"\/>\n\n\n<div class=\"wp-block-post-date\"><time datetime=\"2024-08-12T20:12:42+02:00\">12\/08\/2024<\/time><\/div>\n<\/li><li class=\"wp-block-post post-328 post type-post status-publish format-standard hentry category-ikke-kategoriseret\">\n<h2 class=\"wp-block-post-title\"><a href=\"https:\/\/elkok.dk\/index.php\/2024\/08\/08\/perler-paa-en-snor\/\" target=\"_self\" >Perler p\u00e5 en snor<\/a><\/h2>\n\n\n\n<div class=\"wp-block-post-excerpt\"><p class=\"wp-block-post-excerpt__excerpt\">N\u00e5r tingene h\u00e6nger sammen p\u00e5 en m\u00e5de som kun kan efterlade os dybt fascinerede, for eksempel n\u00e5r yin og yang bliver til \u00e9t eller n\u00e5r to mennesker forenes og bliver \u2018et forhold\u2019. Eller n\u00e5r man stiger ud af bilen og regnvejret stopper med det samme og samtidig finder man penge p\u00e5 jorden. M\u00e5ske en m\u00e6rkelig&hellip; <\/p><\/div>\n\n\n<hr class=\"wp-block-separator has-css-opacity\"\/>\n\n\n<div class=\"wp-block-post-date\"><time datetime=\"2024-08-08T14:47:50+02:00\">08\/08\/2024<\/time><\/div>\n<\/li><li class=\"wp-block-post post-271 post type-post status-publish format-standard hentry category-ikke-kategoriseret tag-livelife tag-taknemmelighed tag-thebighike2024\">\n<h2 class=\"wp-block-post-title\"><a href=\"https:\/\/elkok.dk\/index.php\/2024\/08\/05\/3-2-1-gooo\/\" target=\"_self\" >3 &#8211; 2 &#8211; 1 gooo<\/a><\/h2>\n\n\n\n<div class=\"wp-block-post-excerpt\"><p class=\"wp-block-post-excerpt__excerpt\">K\u00e6re alle,Nu kan jeg vist ikke gemme mig mere bag arbejde og anden tidskr\u00e6vende g\u00f8rem\u00e5l. Min l\u00e6nge ventede g\u00e5tur til Paris i Frankrig, gennem Tyskland, Luxembourg og Belgien har ladet sig vente meget l\u00e6nge. Forberedende b\u00e5de fysisk og mentalt har rumsteret mindst de sidste 365 dage, jeg er uden tvivl blevet klogere p\u00e5 hvor stor&hellip; <\/p><\/div>\n\n\n<hr class=\"wp-block-separator has-css-opacity\"\/>\n\n\n<div class=\"wp-block-post-date\"><time datetime=\"2024-08-05T16:06:40+02:00\">05\/08\/2024<\/time><\/div>\n<\/li><li class=\"wp-block-post post-225 post type-post status-publish format-standard hentry category-ikke-kategoriseret tag-ledreborg-livstils-messe tag-rigtigmadpaahike tag-thebighike2024\">\n<h2 class=\"wp-block-post-title\"><a href=\"https:\/\/elkok.dk\/index.php\/2024\/05\/18\/liv-stil-og-ledreborg-livsstils-messe-med-lidt-overlevelse\/\" target=\"_self\" >Liv, Stil og Ledreborg Livsstils Messe med lidt overlevelse<\/a><\/h2>\n\n\n\n<div class=\"wp-block-post-excerpt\"><p class=\"wp-block-post-excerpt__excerpt\">Fredag 17 maj 2024 Pinse turen startede med en lille hyggelig aften tur p\u00e5 sm\u00e5 5 km i Bidstrup skovene, jeg var heldig at finde en ledig shelter, skulle dog dele shelterpladsen med 2 x 2 fyre som henholdsvis var g\u00e5ende som mig selv eller var ankommet p\u00e5 motorcykel. GTL lige til at starte p\u00e5\ud83c\udf78&hellip; <\/p><\/div>\n\n\n<hr class=\"wp-block-separator has-css-opacity\"\/>\n\n\n<div class=\"wp-block-post-date\"><time datetime=\"2024-05-18T20:45:08+02:00\">18\/05\/2024<\/time><\/div>\n<\/li><li class=\"wp-block-post post-145 post type-post status-publish format-standard hentry category-ikke-kategoriseret\">\n<h2 class=\"wp-block-post-title\"><a href=\"https:\/\/elkok.dk\/index.php\/2024\/04\/20\/vin-ost-og-roesnaes\/\" target=\"_self\" >Vin, Ost og R\u00f8sn\u00e6s<\/a><\/h2>\n\n\n\n<div class=\"wp-block-post-excerpt\"><p class=\"wp-block-post-excerpt__excerpt\">20 april 2024 Det kan n\u00e6ppe komme bag p\u00e5 nogen efter h\u00e5nden at jeg skal en &#8216;lille&#8217; tur til Paris til august 2024. Den sidste del af turen fra Belgiens gr\u00e6nse og til Paris, g\u00e5r turen igennem Champagne omr\u00e5det, her h\u00e5ber jeg p\u00e5 lidt &#8216;Table wine and fresh cheese&#8217;. S\u00e5 for at forberede mig til&hellip; <\/p><\/div>\n\n\n<hr class=\"wp-block-separator has-css-opacity\"\/>\n\n\n<div class=\"wp-block-post-date\"><time datetime=\"2024-04-20T19:53:24+02:00\">20\/04\/2024<\/time><\/div>\n<\/li><\/ul><\/div>\n","protected":false},"excerpt":{"rendered":"","protected":false},"author":2,"featured_media":0,"parent":0,"menu_order":0,"comment_status":"closed","ping_status":"closed","template":"","meta":{"saved_in_kubio":false,"footnotes":""},"class_list":["post-185","page","type-page","status-publish","hentry"],"kubio_ai_page_context":{"short_desc":"","purpose":"general"},"_links":{"self":[{"href":"https:\/\/elkok.dk\/index.php\/wp-json\/wp\/v2\/pages\/185","targetHints":{"allow":["GET"]}}],"collection":[{"href":"https:\/\/elkok.dk\/index.php\/wp-json\/wp\/v2\/pages"}],"about":[{"href":"https:\/\/elkok.dk\/index.php\/wp-json\/wp\/v2\/types\/page"}],"author":[{"embeddable":true,"href":"https:\/\/elkok.dk\/index.php\/wp-json\/wp\/v2\/users\/2"}],"replies":[{"embeddable":true,"href":"https:\/\/elkok.dk\/index.php\/wp-json\/wp\/v2\/comments?post=185"}],"version-history":[{"count":6,"href":"https:\/\/elkok.dk\/index.php\/wp-json\/wp\/v2\/pages\/185\/revisions"}],"predecessor-version":[{"id":399,"href":"https:\/\/elkok.dk\/index.php\/wp-json\/wp\/v2\/pages\/185\/revisions\/399"}],"wp:attachment":[{"href":"https:\/\/elkok.dk\/index.php\/wp-json\/wp\/v2\/media?parent=185"}],"curies":[{"name":"wp","href":"https:\/\/api.w.org\/{rel}","templated":true}]}}